
{"id":773,"date":"2026-01-27T14:30:26","date_gmt":"2026-01-27T18:30:26","guid":{"rendered":"https:\/\/ours2026.wpenginepowered.com\/?page_id=773"},"modified":"2026-01-27T14:30:39","modified_gmt":"2026-01-27T18:30:39","slug":"home","status":"publish","type":"page","link":"https:\/\/lourslabel.com\/en\/","title":{"rendered":"Home"},"content":{"rendered":"<p><script async src=\"https:\/\/pagead2.googlesyndication.com\/pagead\/js\/adsbygoogle.js?client=ca-pub-1848954830607529\" crossorigin=\"anonymous\"><\/script><\/p>\n<p>&nbsp;<\/p>\n","protected":false},"excerpt":{"rendered":"<p>&nbsp;<\/p>\n","protected":false},"author":1,"featured_media":0,"parent":0,"menu_order":0,"comment_status":"closed","ping_status":"closed","template":"templates\/template-home.php","meta":{"_acf_changed":false,"footnotes":""},"class_list":["post-773","page","type-page","status-publish","hentry"],"acf":[],"yoast_head":"<!-- This site is optimized with the Yoast SEO plugin v21.9.1 - https:\/\/yoast.com\/wordpress\/plugins\/seo\/ -->\n<title>Home - L&#039;Ours Label &amp; Tourn\u00e9es<\/title>\n<meta name=\"description\" content=\"Soyons l\u2019ours et sortons de l\u2019hibernation pour participer au renouveau! Promotion et la production de mat\u00e9riel sonore ainsi que de la production des tourn\u00e9es, en plus de servir d\u2019agence de spectacle.\" \/>\n<meta name=\"robots\" content=\"index, follow, max-snippet:-1, max-image-preview:large, max-video-preview:-1\" \/>\n<link rel=\"canonical\" href=\"https:\/\/lourslabel.com\/en\/\" \/>\n<meta property=\"og:locale\" content=\"en_US\" \/>\n<meta property=\"og:type\" content=\"article\" \/>\n<meta property=\"og:title\" content=\"L&#039;Ours Label &amp; Tourn\u00e9es\" \/>\n<meta property=\"og:description\" content=\"L&#039;Ours - Label &amp; Tourn\u00e9es est un joueur ind\u00e9pendant important dans l&#039;industrie de la musique franco depuis 2004.\" \/>\n<meta property=\"og:url\" content=\"https:\/\/lourslabel.com\/en\/\" \/>\n<meta property=\"og:site_name\" content=\"L&#039;Ours Label &amp; Tourn\u00e9es\" \/>\n<meta property=\"article:modified_time\" content=\"2026-01-27T18:30:39+00:00\" \/>\n<meta property=\"og:image\" content=\"https:\/\/lourslabel.com\/wp-content\/uploads\/2022\/12\/logo.gif\" \/>\n\t<meta property=\"og:image:width\" content=\"150\" \/>\n\t<meta property=\"og:image:height\" content=\"94\" \/>\n\t<meta property=\"og:image:type\" content=\"image\/gif\" \/>\n<meta name=\"twitter:card\" content=\"summary_large_image\" \/>\n<meta name=\"twitter:title\" content=\"L&#039;Ours Label &amp; Tourn\u00e9es\" \/>\n<meta name=\"twitter:description\" content=\"L&#039;Ours - Label &amp; Tourn\u00e9es est un joueur ind\u00e9pendant important dans l&#039;industrie de la musique franco depuis 2004.\" \/>\n<meta name=\"twitter:image\" content=\"https:\/\/lourslabel.com\/wp-content\/uploads\/2020\/08\/share.png\" \/>\n<script type=\"application\/ld+json\" class=\"yoast-schema-graph\">{\"@context\":\"https:\/\/schema.org\",\"@graph\":[{\"@type\":\"WebPage\",\"@id\":\"https:\/\/lourslabel.com\/en\/\",\"url\":\"https:\/\/lourslabel.com\/en\/\",\"name\":\"Home - L&#039;Ours Label &amp; Tourn\u00e9es\",\"isPartOf\":{\"@id\":\"https:\/\/lourslabel.com\/en\/#website\"},\"datePublished\":\"2026-01-27T18:30:26+00:00\",\"dateModified\":\"2026-01-27T18:30:39+00:00\",\"description\":\"Soyons l\u2019ours et sortons de l\u2019hibernation pour participer au renouveau! Promotion et la production de mat\u00e9riel sonore ainsi que de la production des tourn\u00e9es, en plus de servir d\u2019agence de spectacle.\",\"breadcrumb\":{\"@id\":\"https:\/\/lourslabel.com\/en\/#breadcrumb\"},\"inLanguage\":\"en-US\",\"potentialAction\":[{\"@type\":\"ReadAction\",\"target\":[\"https:\/\/lourslabel.com\/en\/\"]}]},{\"@type\":\"BreadcrumbList\",\"@id\":\"https:\/\/lourslabel.com\/en\/#breadcrumb\",\"itemListElement\":[{\"@type\":\"ListItem\",\"position\":1,\"name\":\"Accueil\",\"item\":\"https:\/\/lourslabel.com\/en\/home\/\"},{\"@type\":\"ListItem\",\"position\":2,\"name\":\"Home\"}]},{\"@type\":\"WebSite\",\"@id\":\"https:\/\/lourslabel.com\/en\/#website\",\"url\":\"https:\/\/lourslabel.com\/en\/\",\"name\":\"L&#039;Ours Label &amp; Tourn\u00e9es\",\"description\":\"Bienvenue chez nous!\",\"publisher\":{\"@id\":\"https:\/\/lourslabel.com\/en\/#organization\"},\"potentialAction\":[{\"@type\":\"SearchAction\",\"target\":{\"@type\":\"EntryPoint\",\"urlTemplate\":\"https:\/\/lourslabel.com\/en\/?s={search_term_string}\"},\"query-input\":\"required name=search_term_string\"}],\"inLanguage\":\"en-US\"},{\"@type\":\"Organization\",\"@id\":\"https:\/\/lourslabel.com\/en\/#organization\",\"name\":\"L'Ours Label et Tourn\u00e9es\",\"url\":\"https:\/\/lourslabel.com\/en\/\",\"logo\":{\"@type\":\"ImageObject\",\"inLanguage\":\"en-US\",\"@id\":\"https:\/\/lourslabel.com\/en\/#\/schema\/logo\/image\/\",\"url\":\"https:\/\/lourslabel.com\/wp-content\/uploads\/2020\/08\/ourslabelettournee.png\",\"contentUrl\":\"https:\/\/lourslabel.com\/wp-content\/uploads\/2020\/08\/ourslabelettournee.png\",\"width\":400,\"height\":486,\"caption\":\"L'Ours Label et Tourn\u00e9es\"},\"image\":{\"@id\":\"https:\/\/lourslabel.com\/en\/#\/schema\/logo\/image\/\"}}]}<\/script>\n<!-- \/ Yoast SEO plugin. -->","yoast_head_json":{"title":"Home - L&#039;Ours Label &amp; Tourn\u00e9es","description":"Soyons l\u2019ours et sortons de l\u2019hibernation pour participer au renouveau! Promotion et la production de mat\u00e9riel sonore ainsi que de la production des tourn\u00e9es, en plus de servir d\u2019agence de spectacle.","robots":{"index":"index","follow":"follow","max-snippet":"max-snippet:-1","max-image-preview":"max-image-preview:large","max-video-preview":"max-video-preview:-1"},"canonical":"https:\/\/lourslabel.com\/en\/","og_locale":"en_US","og_type":"article","og_title":"L'Ours Label & Tourn\u00e9es","og_description":"L'Ours - Label & Tourn\u00e9es est un joueur ind\u00e9pendant important dans l'industrie de la musique franco depuis 2004.","og_url":"https:\/\/lourslabel.com\/en\/","og_site_name":"L&#039;Ours Label &amp; Tourn\u00e9es","article_modified_time":"2026-01-27T18:30:39+00:00","og_image":[{"width":150,"height":94,"url":"https:\/\/lourslabel.com\/wp-content\/uploads\/2022\/12\/logo.gif","type":"image\/gif"}],"twitter_card":"summary_large_image","twitter_title":"L'Ours Label & Tourn\u00e9es","twitter_description":"L'Ours - Label & Tourn\u00e9es est un joueur ind\u00e9pendant important dans l'industrie de la musique franco depuis 2004.","twitter_image":"https:\/\/lourslabel.com\/wp-content\/uploads\/2020\/08\/share.png","schema":{"@context":"https:\/\/schema.org","@graph":[{"@type":"WebPage","@id":"https:\/\/lourslabel.com\/en\/","url":"https:\/\/lourslabel.com\/en\/","name":"Home - L&#039;Ours Label &amp; Tourn\u00e9es","isPartOf":{"@id":"https:\/\/lourslabel.com\/en\/#website"},"datePublished":"2026-01-27T18:30:26+00:00","dateModified":"2026-01-27T18:30:39+00:00","description":"Soyons l\u2019ours et sortons de l\u2019hibernation pour participer au renouveau! Promotion et la production de mat\u00e9riel sonore ainsi que de la production des tourn\u00e9es, en plus de servir d\u2019agence de spectacle.","breadcrumb":{"@id":"https:\/\/lourslabel.com\/en\/#breadcrumb"},"inLanguage":"en-US","potentialAction":[{"@type":"ReadAction","target":["https:\/\/lourslabel.com\/en\/"]}]},{"@type":"BreadcrumbList","@id":"https:\/\/lourslabel.com\/en\/#breadcrumb","itemListElement":[{"@type":"ListItem","position":1,"name":"Accueil","item":"https:\/\/lourslabel.com\/en\/home\/"},{"@type":"ListItem","position":2,"name":"Home"}]},{"@type":"WebSite","@id":"https:\/\/lourslabel.com\/en\/#website","url":"https:\/\/lourslabel.com\/en\/","name":"L&#039;Ours Label &amp; Tourn\u00e9es","description":"Bienvenue chez nous!","publisher":{"@id":"https:\/\/lourslabel.com\/en\/#organization"},"potentialAction":[{"@type":"SearchAction","target":{"@type":"EntryPoint","urlTemplate":"https:\/\/lourslabel.com\/en\/?s={search_term_string}"},"query-input":"required name=search_term_string"}],"inLanguage":"en-US"},{"@type":"Organization","@id":"https:\/\/lourslabel.com\/en\/#organization","name":"L'Ours Label et Tourn\u00e9es","url":"https:\/\/lourslabel.com\/en\/","logo":{"@type":"ImageObject","inLanguage":"en-US","@id":"https:\/\/lourslabel.com\/en\/#\/schema\/logo\/image\/","url":"https:\/\/lourslabel.com\/wp-content\/uploads\/2020\/08\/ourslabelettournee.png","contentUrl":"https:\/\/lourslabel.com\/wp-content\/uploads\/2020\/08\/ourslabelettournee.png","width":400,"height":486,"caption":"L'Ours Label et Tourn\u00e9es"},"image":{"@id":"https:\/\/lourslabel.com\/en\/#\/schema\/logo\/image\/"}}]}},"_links":{"self":[{"href":"https:\/\/lourslabel.com\/en\/wp-json\/wp\/v2\/pages\/773","targetHints":{"allow":["GET"]}}],"collection":[{"href":"https:\/\/lourslabel.com\/en\/wp-json\/wp\/v2\/pages"}],"about":[{"href":"https:\/\/lourslabel.com\/en\/wp-json\/wp\/v2\/types\/page"}],"author":[{"embeddable":true,"href":"https:\/\/lourslabel.com\/en\/wp-json\/wp\/v2\/users\/1"}],"replies":[{"embeddable":true,"href":"https:\/\/lourslabel.com\/en\/wp-json\/wp\/v2\/comments?post=773"}],"version-history":[{"count":0,"href":"https:\/\/lourslabel.com\/en\/wp-json\/wp\/v2\/pages\/773\/revisions"}],"wp:attachment":[{"href":"https:\/\/lourslabel.com\/en\/wp-json\/wp\/v2\/media?parent=773"}],"curies":[{"name":"wp","href":"https:\/\/api.w.org\/{rel}","templated":true}]}}